{"id":566,"date":"2013-01-04T13:35:46","date_gmt":"2013-01-04T11:35:46","guid":{"rendered":"http:\/\/goraguer29.fr\/?page_id=566"},"modified":"2013-01-04T17:56:36","modified_gmt":"2013-01-04T15:56:36","slug":"genealogie-et-histoire","status":"publish","type":"page","link":"https:\/\/goraguer29.fr\/?page_id=566","title":{"rendered":"G\u00e9n\u00e9alogie et Histoire."},"content":{"rendered":"<p>J&rsquo;ai donc scann\u00e9 deux documents de taille que sont le livret militaire de mon arri\u00e8re grand p\u00e8re maternel Jean Guillaume Chevert -&gt; <a title=\"Livret Militaire CHEVERT\" href=\"http:\/\/goraguer29.fr\/upload\/LM.PDF\">Livret Militaire Chevert<\/a><\/p>\n<p>Canonniers marins pendant le premier conflit mondial.<\/p>\n<p>Il a entre autre servi sur le DESAIX :<\/p>\n<p><strong>DESAIX\u00a0Croiseur cuirass\u00e9 type Dupleix (1902 \u2013 1921)<\/strong><\/p>\n<p><em><strong>Chantier :<\/strong><\/em><br \/>\nAteliers &amp; Chantiers de la Loire, Saint Nazaire.<br \/>\nCommenc\u00e9 : 28.12.1897<br \/>\nMis \u00e0 flot : 21.03.1901<br \/>\nTermin\u00e9 : 1902<br \/>\nEn service : 06.08.1902<br \/>\nRetir\u00e9 : 27.07.1921<br \/>\nCaract\u00e9ristiques : \u00a07 700 t ; 17 000 cv ; 130 x 17,87 x 7,4 m ; plans Bertin ; 4 chemin\u00e9es ; 24 chaudi\u00e8res Belleville ; 3 machines ; 580 h.<br \/>\nArmement : VIII de 164 + IV de 100 + X divers + 2 T.<\/p>\n<p><img data-attachment-id=\"579\" data-permalink=\"https:\/\/goraguer29.fr\/?attachment_id=579\" data-orig-file=\"https:\/\/goraguer29.fr\/wp-content\/desaixjz4.jpg\" data-orig-size=\"771,490\" data-comments-opened=\"1\" data-image-meta=\"{&quot;aperture&quot;:&quot;0&quot;,&quot;credit&quot;:&quot;&quot;,&quot;camera&quot;:&quot;&quot;,&quot;caption&quot;:&quot;&quot;,&quot;created_timestamp&quot;:&quot;0&quot;,&quot;copyright&quot;:&quot;&quot;,&quot;focal_length&quot;:&quot;0&quot;,&quot;iso&quot;:&quot;0&quot;,&quot;shutter_speed&quot;:&quot;0&quot;,&quot;title&quot;:&quot;&quot;}\" data-image-title=\"desaixjz4\" data-image-description=\"\" data-medium-file=\"https:\/\/goraguer29.fr\/wp-content\/desaixjz4-300x190.jpg\" data-large-file=\"https:\/\/goraguer29.fr\/wp-content\/desaixjz4.jpg\" loading=\"lazy\" class=\"alignright size-thumbnail wp-image-579\" style=\"line-height: 24px;\" alt=\"desaixjz4\" src=\"http:\/\/goraguer29.fr\/wp-content\/desaixjz4-150x150.jpg\" width=\"150\" height=\"150\" \/><\/p>\n<p style=\"line-height: 24px;\"><a style=\"color: #ff4b33; line-height: 24px;\" href=\"http:\/\/goraguer29.fr\/?attachment_id=578\" rel=\"attachment wp-att-578\"><img data-attachment-id=\"578\" data-permalink=\"https:\/\/goraguer29.fr\/?attachment_id=578\" data-orig-file=\"https:\/\/goraguer29.fr\/wp-content\/desaix1hx4.jpg\" data-orig-size=\"808,516\" data-comments-opened=\"1\" data-image-meta=\"{&quot;aperture&quot;:&quot;0&quot;,&quot;credit&quot;:&quot;&quot;,&quot;camera&quot;:&quot;&quot;,&quot;caption&quot;:&quot;&quot;,&quot;created_timestamp&quot;:&quot;0&quot;,&quot;copyright&quot;:&quot;&quot;,&quot;focal_length&quot;:&quot;0&quot;,&quot;iso&quot;:&quot;0&quot;,&quot;shutter_speed&quot;:&quot;0&quot;,&quot;title&quot;:&quot;&quot;}\" data-image-title=\"desaix1hx4\" data-image-description=\"\" data-medium-file=\"https:\/\/goraguer29.fr\/wp-content\/desaix1hx4-300x191.jpg\" data-large-file=\"https:\/\/goraguer29.fr\/wp-content\/desaix1hx4.jpg\" loading=\"lazy\" class=\"alignright size-thumbnail wp-image-578\" alt=\"desaix1hx4\" src=\"http:\/\/goraguer29.fr\/wp-content\/desaix1hx4-150x150.jpg\" width=\"150\" height=\"150\" \/><\/a><\/p>\n<p style=\"line-height: 24px;\"><a style=\"color: #ff4b33; line-height: 24px;\" href=\"http:\/\/goraguer29.fr\/?attachment_id=577\" rel=\"attachment wp-att-577\"><img data-attachment-id=\"577\" data-permalink=\"https:\/\/goraguer29.fr\/?attachment_id=577\" data-orig-file=\"https:\/\/goraguer29.fr\/wp-content\/desaix.jpg\" data-orig-size=\"891,558\" data-comments-opened=\"1\" data-image-meta=\"{&quot;aperture&quot;:&quot;0&quot;,&quot;credit&quot;:&quot;&quot;,&quot;camera&quot;:&quot;&quot;,&quot;caption&quot;:&quot;&quot;,&quot;created_timestamp&quot;:&quot;0&quot;,&quot;copyright&quot;:&quot;&quot;,&quot;focal_length&quot;:&quot;0&quot;,&quot;iso&quot;:&quot;0&quot;,&quot;shutter_speed&quot;:&quot;0&quot;,&quot;title&quot;:&quot;&quot;}\" data-image-title=\"desaix\" data-image-description=\"\" data-medium-file=\"https:\/\/goraguer29.fr\/wp-content\/desaix-300x187.jpg\" data-large-file=\"https:\/\/goraguer29.fr\/wp-content\/desaix.jpg\" loading=\"lazy\" class=\"alignright size-thumbnail wp-image-577\" alt=\"desaix\" src=\"http:\/\/goraguer29.fr\/wp-content\/desaix-150x150.jpg\" width=\"150\" height=\"150\" \/><\/a><\/p>\n<p>&nbsp;<\/p>\n<p><em><strong>Observations :<\/strong><\/em><br \/>\n06.08.1902 : arm\u00e9 pour essais<br \/>\n1907 : transporte \u00e0 Sfax 400 mutins du\u00a0<strong>17\u00e8me RI\u00a0<\/strong>d\u00e9port\u00e9s \u00e0 Gafsa<\/p>\n<p>&nbsp;<\/p>\n<p>01.01.1908 : sauve l\u2019\u00e9quipage du transport\u00a0<em><strong>Nive<\/strong><\/em>\u00a0\u00e9chou\u00e9 dans le sud de Casablanca<br \/>\n08.1914 : Manche &gt;<span style=\"color: #ff0000;\"><strong> Jean Guillaume embarque le 2 Aout.<\/strong><\/span><br \/>\n12.1914 : d\u00e9part pour l\u2019Extr\u00eame-Orient<br \/>\n16.11.1915 : division d\u2019Egypte, d\u00e9fense du canal de Suez &gt;<span style=\"color: #ff0000;\"><strong>D\u00e9barqu\u00e9 le 23 Avril 1915.<\/strong><\/span><\/p>\n<p>23.08.1915 : Syrie<br \/>\n1916 : Dakar<br \/>\n1919 : Extr\u00eame-Orient<\/p>\n<p>31.03.1921 : retour \u00e0 Toulon\u00a030.06.1921 : condamn\u00e9<br \/>\n1925 : en cours de cession \u00e0 la Marine polonaise<br \/>\n1927 : en vente \u00e0 Toulon.<\/p>\n<p>Ainsi que celui de mon\u00a0grand\u00a0p\u00e8re Daniel Doll -&gt;\u00a0<a title=\"Livret Militaire Doll\" href=\"http:\/\/goraguer29.fr\/upload\/LM Doll Daniel.pdf\">Livret Militaire Doll<\/a><\/p>\n<div style=\"width: 841px\" class=\"wp-caption aligncenter\"><img loading=\"lazy\" alt=\"\" src=\"http:\/\/goraguer29.fr\/upload\/Turquie 41 ou 42.jpg\" width=\"831\" height=\"785\" \/><p class=\"wp-caption-text\">Sans doute en Turquie pendant son internement, en 41 ou 42 du coup.<\/p><\/div>\n","protected":false},"excerpt":{"rendered":"<p>J&rsquo;ai donc scann\u00e9 deux documents de taille que sont le livret militaire de mon arri\u00e8re grand p\u00e8re maternel Jean Guillaume Chevert -&gt; Livret Militaire Chevert Canonniers marins pendant le premier conflit mondial. Il a entre autre servi sur le DESAIX &hellip; <a href=\"https:\/\/goraguer29.fr\/?page_id=566\">Continuer la lecture <span class=\"meta-nav\">&rarr;<\/span><\/a><\/p>\n","protected":false},"author":1,"featured_media":0,"parent":0,"menu_order":0,"comment_status":"open","ping_status":"open","template":"onecolumn-page.php","meta":{"ngg_post_thumbnail":0,"spay_email":""},"jetpack_sharing_enabled":true,"jetpack_shortlink":"https:\/\/wp.me\/PoPSb-98","jetpack_likes_enabled":true,"_links":{"self":[{"href":"https:\/\/goraguer29.fr\/index.php?rest_route=\/wp\/v2\/pages\/566"}],"collection":[{"href":"https:\/\/goraguer29.fr\/index.php?rest_route=\/wp\/v2\/pages"}],"about":[{"href":"https:\/\/goraguer29.fr\/index.php?rest_route=\/wp\/v2\/types\/page"}],"author":[{"embeddable":true,"href":"https:\/\/goraguer29.fr\/index.php?rest_route=\/wp\/v2\/users\/1"}],"replies":[{"embeddable":true,"href":"https:\/\/goraguer29.fr\/index.php?rest_route=%2Fwp%2Fv2%2Fcomments&post=566"}],"version-history":[{"count":11,"href":"https:\/\/goraguer29.fr\/index.php?rest_route=\/wp\/v2\/pages\/566\/revisions"}],"predecessor-version":[{"id":574,"href":"https:\/\/goraguer29.fr\/index.php?rest_route=\/wp\/v2\/pages\/566\/revisions\/574"}],"wp:attachment":[{"href":"https:\/\/goraguer29.fr\/index.php?rest_route=%2Fwp%2Fv2%2Fmedia&parent=566"}],"curies":[{"name":"wp","href":"https:\/\/api.w.org\/{rel}","templated":true}]}}